{"id":22,"date":"2016-10-05T15:35:37","date_gmt":"2016-10-05T12:35:37","guid":{"rendered":"http:\/\/demo.cizoglubilisim.com\/EsenKadin-5\/?page_id=22"},"modified":"2016-10-05T15:39:07","modified_gmt":"2016-10-05T12:39:07","slug":"haber-gonder","status":"publish","type":"page","link":"https:\/\/demo.cizoglubilisim.com\/EsenKadin-5\/haber-gonder","title":{"rendered":"Haber G\u00f6nder"},"content":{"rendered":"\n<!-- User Submitted Posts @ https:\/\/m0n.co\/usp -->\n\n<div id=\"user-submitted-posts\">\n\t\t\n\t<form id=\"usp_form\" method=\"post\" enctype=\"multipart\/form-data\" action=\"\">\n\t\t<div id=\"usp-error-message\" class=\"usp-callout-failure usp-hidden\">L\u00fctfen zorunlu alanlar\u0131 doldurun.<\/div>\n\t\t\t\t\n\t\t<fieldset class=\"usp-name\">\n\t\t\t<label for=\"user-submitted-name\">Ad\u0131n\u0131z<\/label>\n\t\t\t<input id=\"user-submitted-name\" name=\"user-submitted-name\" type=\"text\" value=\"\" placeholder=\"Ad\u0131n\u0131z\" data-required=\"true\" required class=\"usp-input\">\n\t\t<\/fieldset>\n\t\t\t\t\n\t\t<fieldset class=\"usp-url\">\n\t\t\t<label for=\"user-submitted-url\">URL\u2019niz<\/label>\n\t\t\t<input id=\"user-submitted-url\" name=\"user-submitted-url\" type=\"text\" value=\"\" placeholder=\"URL\u2019niz\" data-required=\"true\" required class=\"usp-input\">\n\t\t<\/fieldset>\n\t\t\t\t\n\t\t<fieldset class=\"usp-title\">\n\t\t\t<label for=\"user-submitted-title\">Yaz\u0131 ba\u015fl\u0131\u011f\u0131<\/label>\n\t\t\t<input id=\"user-submitted-title\" name=\"user-submitted-title\" type=\"text\" value=\"\" placeholder=\"Yaz\u0131 ba\u015fl\u0131\u011f\u0131\" data-required=\"true\" required class=\"usp-input\">\n\t\t<\/fieldset>\n\t\t\t\t\n\t\t<fieldset class=\"usp-tags\">\n\t\t\t<label for=\"user-submitted-tags\">Etiketleri G\u00f6nderin<\/label>\n\t\t\t<input id=\"user-submitted-tags\" name=\"user-submitted-tags\" type=\"text\" value=\"\" placeholder=\"Etiketleri G\u00f6nderin\" data-required=\"true\" required class=\"usp-input\">\n\t\t<\/fieldset>\n\t\t\t\t\n\t\t<fieldset class=\"usp-captcha\">\n\t\t\t<label for=\"user-submitted-captcha\">1 + 1 =<\/label>\n\t\t\t<input id=\"user-submitted-captcha\" name=\"user-submitted-captcha\" type=\"text\" value=\"\" placeholder=\"Antispam Soru\" data-required=\"true\" required class=\"usp-input user-submitted-captcha\" data-parsley-excluded=\"true\">\n\t\t<\/fieldset>\n\t\t\t\t\n\t\t<fieldset class=\"usp-category\">\n\t\t\t<label for=\"user-submitted-category\">Yaz\u0131 Kategorisi<\/label>\n\t\t\t<select id=\"user-submitted-category\" name=\"user-submitted-category\" data-required=\"true\" required class=\"usp-select\">\n\t\t\t\t<option value=\"\">L\u00fctfen bir kategori se\u00e7in..<\/option>\n\t\t\t\t\t\t\t\t\n\t\t\t\t<option value=\"1\">G\u00fcndem<\/option>\n\t\t\t\t\t\t\t\t\n\t\t\t<\/select>\n\t\t<\/fieldset>\n\t\t\t\t\n\t\t<fieldset class=\"usp-content\">\n\t\t\t\t\t\t\t\n\t\t\t<label for=\"user-submitted-content\">Mesaj \u0130\u00e7eri\u011fi<\/label>\n\t\t\t<textarea id=\"user-submitted-content\" name=\"user-submitted-content\" rows=\"5\" placeholder=\"Mesaj \u0130\u00e7eri\u011fi\" data-required=\"true\" required class=\"usp-textarea\"><\/textarea>\n\t\t\t\t\t\t\n\t\t<\/fieldset>\n\t\t\t\t\t\t\n\t\t<fieldset class=\"usp-images\">\n\t\t\t<label for=\"user-submitted-image\">Bir g\u00f6r\u00fcnt\u00fc y\u00fckle<\/label>\n\t\t\t<div id=\"usp-upload-message\">L\u00fctfen y\u00fcklemek i\u00e7in foto\u011fraflar\u0131n\u0131z\u0131 se\u00e7in.<\/div>\n\t\t\t<div id=\"user-submitted-image\">\n\t\t\t\t\t\t\t\n\t\t\t\t<input name=\"user-submitted-image[]\" type=\"file\" size=\"25\" class=\"usp-input usp-clone\" data-parsley-excluded=\"true\">\n\t\t\t\t<a href=\"#\" id=\"usp_add-another\" class=\"usp-no-js\">Ba\u015fka resim ekle<\/a>\t\t\t\t\t\t\t\n\t\t\t<\/div>\n\t\t\t<input type=\"hidden\" class=\"usp-hidden\" id=\"usp-min-images\" name=\"usp-min-images\" value=\"0\">\n\t\t\t<input type=\"hidden\" class=\"usp-hidden\" id=\"usp-max-images\" name=\"usp-max-images\" value=\"1\">\n\t\t<\/fieldset>\n\t\t\t\t\t\t\n\t\t<fieldset id=\"usp_verify\" style=\"display:none;\">\n\t\t\t<label for=\"user-submitted-verify\">\u0130nsan do\u011frulama: bu alan\u0131 bo\u015f b\u0131rak\u0131n.<\/label>\n\t\t\t<input id=\"user-submitted-verify\" name=\"user-submitted-verify\" type=\"text\" value=\"\" data-parsley-excluded=\"true\">\n\t\t<\/fieldset>\n\t\t\n\t\t\t\t\n\t\t<div id=\"usp-submit\">\n\t\t\t\t\t\t\t\t\t\t\t\t\t\t\t\n\t\t\t<input type=\"submit\" class=\"usp-submit\" id=\"user-submitted-post\" name=\"user-submitted-post\" value=\"G\u00f6nderiyi G\u00f6nder\">\n\t\t\t<input type=\"hidden\" id=\"usp-nonce\" name=\"usp-nonce\" value=\"a2201f01b8\" \/>\t\t\t\n\t\t<\/div>\n\t\t\n\t<\/form>\n<\/div>\n<script>(function(){var e = document.getElementById('usp_verify'); if(e) e.parentNode.removeChild(e);})();<\/script>\n\n\n","protected":false},"excerpt":{"rendered":"","protected":false},"author":1,"featured_media":0,"parent":0,"menu_order":0,"comment_status":"closed","ping_status":"closed","template":"","meta":[],"_links":{"self":[{"href":"https:\/\/demo.cizoglubilisim.com\/EsenKadin-5\/wp-json\/wp\/v2\/pages\/22"}],"collection":[{"href":"https:\/\/demo.cizoglubilisim.com\/EsenKadin-5\/wp-json\/wp\/v2\/pages"}],"about":[{"href":"https:\/\/demo.cizoglubilisim.com\/EsenKadin-5\/wp-json\/wp\/v2\/types\/page"}],"author":[{"embeddable":true,"href":"https:\/\/demo.cizoglubilisim.com\/EsenKadin-5\/wp-json\/wp\/v2\/users\/1"}],"replies":[{"embeddable":true,"href":"https:\/\/demo.cizoglubilisim.com\/EsenKadin-5\/wp-json\/wp\/v2\/comments?post=22"}],"version-history":[{"count":2,"href":"https:\/\/demo.cizoglubilisim.com\/EsenKadin-5\/wp-json\/wp\/v2\/pages\/22\/revisions"}],"predecessor-version":[{"id":35,"href":"https:\/\/demo.cizoglubilisim.com\/EsenKadin-5\/wp-json\/wp\/v2\/pages\/22\/revisions\/35"}],"wp:attachment":[{"href":"https:\/\/demo.cizoglubilisim.com\/EsenKadin-5\/wp-json\/wp\/v2\/media?parent=22"}],"curies":[{"name":"wp","href":"https:\/\/api.w.org\/{rel}","templated":true}]}}