{"id":11,"date":"2019-05-24T22:13:47","date_gmt":"2019-05-24T19:13:47","guid":{"rendered":"http:\/\/demo.cizoglubilisim.com\/KRadio-1\/?page_id=11"},"modified":"2019-05-25T01:49:54","modified_gmt":"2019-05-24T22:49:54","slug":"hakkimizda","status":"publish","type":"page","link":"https:\/\/demo.cizoglubilisim.com\/KRadio-1\/hakkimizda\/","title":{"rendered":"Hakk\u0131m\u0131zda"},"content":{"rendered":"<p>Hakk\u0131m\u0131zda detaylar\u0131<\/p>\n","protected":false},"excerpt":{"rendered":"<p>Hakk\u0131m\u0131zda detaylar\u0131<\/p>\n","protected":false},"author":1,"featured_media":143,"parent":0,"menu_order":0,"comment_status":"closed","ping_status":"closed","template":"","meta":[],"_links":{"self":[{"href":"https:\/\/demo.cizoglubilisim.com\/KRadio-1\/wp-json\/wp\/v2\/pages\/11"}],"collection":[{"href":"https:\/\/demo.cizoglubilisim.com\/KRadio-1\/wp-json\/wp\/v2\/pages"}],"about":[{"href":"https:\/\/demo.cizoglubilisim.com\/KRadio-1\/wp-json\/wp\/v2\/types\/page"}],"author":[{"embeddable":true,"href":"https:\/\/demo.cizoglubilisim.com\/KRadio-1\/wp-json\/wp\/v2\/users\/1"}],"replies":[{"embeddable":true,"href":"https:\/\/demo.cizoglubilisim.com\/KRadio-1\/wp-json\/wp\/v2\/comments?post=11"}],"version-history":[{"count":2,"href":"https:\/\/demo.cizoglubilisim.com\/KRadio-1\/wp-json\/wp\/v2\/pages\/11\/revisions"}],"predecessor-version":[{"id":166,"href":"https:\/\/demo.cizoglubilisim.com\/KRadio-1\/wp-json\/wp\/v2\/pages\/11\/revisions\/166"}],"wp:featuredmedia":[{"embeddable":true,"href":"https:\/\/demo.cizoglubilisim.com\/KRadio-1\/wp-json\/wp\/v2\/media\/143"}],"wp:attachment":[{"href":"https:\/\/demo.cizoglubilisim.com\/KRadio-1\/wp-json\/wp\/v2\/media?parent=11"}],"curies":[{"name":"wp","href":"https:\/\/api.w.org\/{rel}","templated":true}]}}