{"id":32,"date":"2019-05-24T22:30:01","date_gmt":"2019-05-24T19:30:01","guid":{"rendered":"http:\/\/demo.cizoglubilisim.com\/KRadio-1\/?page_id=32"},"modified":"2019-05-24T22:34:28","modified_gmt":"2019-05-24T19:34:28","slug":"mesaj-gonder","status":"publish","type":"page","link":"https:\/\/demo.cizoglubilisim.com\/KRadio-1\/mesaj-gonder\/","title":{"rendered":"Mesaj G\u00f6nder"},"content":{"rendered":"<div id=\"pl-32\"  class=\"panel-layout\" ><div id=\"pg-32-0\"  class=\"panel-grid panel-has-style k-radio-container\" ><div class=\"panel-row-style panel-row-style-for-32-0\" ><div id=\"pgc-32-0-0\"  class=\"panel-grid-cell\" ><div id=\"panel-32-0-0-0\" class=\"so-panel widget widget_text panel-first-child panel-last-child\" data-index=\"0\" >\t\t\t<div class=\"textwidget\"><p>Bize isteklerinizi veya d\u00fc\u015f\u00fcncelerinizi g\u00f6nderebilirsiniz.<\/p>\n<div role=\"form\" class=\"wpcf7\" id=\"wpcf7-f34-o1\" lang=\"tr-TR\" dir=\"ltr\">\n<div class=\"screen-reader-response\"><\/div>\n<form action=\"\/KRadio-1\/wp-json\/wp\/v2\/pages\/32#wpcf7-f34-o1\" method=\"post\" class=\"wpcf7-form\" novalidate=\"novalidate\">\n<div style=\"display: none;\">\n<input type=\"hidden\" name=\"_wpcf7\" value=\"34\" \/>\n<input type=\"hidden\" name=\"_wpcf7_version\" value=\"5.1.3\" \/>\n<input type=\"hidden\" name=\"_wpcf7_locale\" value=\"tr_TR\" \/>\n<input type=\"hidden\" name=\"_wpcf7_unit_tag\" value=\"wpcf7-f34-o1\" \/>\n<input type=\"hidden\" name=\"_wpcf7_container_post\" value=\"0\" \/>\n<\/div>\n<p><label> Ad\u0131n\u0131z (required)<br \/>\n    <span class=\"wpcf7-form-control-wrap your-name\"><input type=\"text\" name=\"your-name\" value=\"\" size=\"40\" class=\"wpcf7-form-control wpcf7-text wpcf7-validates-as-required\" aria-required=\"true\" aria-invalid=\"false\" \/><\/span> <\/label><\/p>\n<p><label> Email (required)<br \/>\n    <span class=\"wpcf7-form-control-wrap your-email\"><input type=\"email\" name=\"your-email\" value=\"\" size=\"40\" class=\"wpcf7-form-control wpcf7-text wpcf7-email wpcf7-validates-as-required wpcf7-validates-as-email\" aria-required=\"true\" aria-invalid=\"false\" \/><\/span> <\/label><\/p>\n<p><label> Mesaj\u0131n\u0131z<br \/>\n    <span class=\"wpcf7-form-control-wrap your-message\"><textarea name=\"your-message\" cols=\"40\" rows=\"10\" class=\"wpcf7-form-control wpcf7-textarea\" aria-invalid=\"false\"><\/textarea><\/span> <\/label><\/p>\n<p><input type=\"submit\" value=\"Mesaj\u0131 G\u00f6nder\" class=\"wpcf7-form-control wpcf7-submit\" \/><\/p>\n<div class=\"wpcf7-response-output wpcf7-display-none\"><\/div><\/form><\/div>\n<\/div>\n\t\t<\/div><\/div><\/div><\/div><\/div>","protected":false},"excerpt":{"rendered":"<p>Bize isteklerinizi veya d\u00fc\u015f\u00fcncelerinizi g\u00f6nderebilirsiniz.<\/p>\n","protected":false},"author":1,"featured_media":0,"parent":0,"menu_order":0,"comment_status":"closed","ping_status":"closed","template":"template-parts\/content-front-page.php","meta":[],"_links":{"self":[{"href":"https:\/\/demo.cizoglubilisim.com\/KRadio-1\/wp-json\/wp\/v2\/pages\/32"}],"collection":[{"href":"https:\/\/demo.cizoglubilisim.com\/KRadio-1\/wp-json\/wp\/v2\/pages"}],"about":[{"href":"https:\/\/demo.cizoglubilisim.com\/KRadio-1\/wp-json\/wp\/v2\/types\/page"}],"author":[{"embeddable":true,"href":"https:\/\/demo.cizoglubilisim.com\/KRadio-1\/wp-json\/wp\/v2\/users\/1"}],"replies":[{"embeddable":true,"href":"https:\/\/demo.cizoglubilisim.com\/KRadio-1\/wp-json\/wp\/v2\/comments?post=32"}],"version-history":[{"count":6,"href":"https:\/\/demo.cizoglubilisim.com\/KRadio-1\/wp-json\/wp\/v2\/pages\/32\/revisions"}],"predecessor-version":[{"id":39,"href":"https:\/\/demo.cizoglubilisim.com\/KRadio-1\/wp-json\/wp\/v2\/pages\/32\/revisions\/39"}],"wp:attachment":[{"href":"https:\/\/demo.cizoglubilisim.com\/KRadio-1\/wp-json\/wp\/v2\/media?parent=32"}],"curies":[{"name":"wp","href":"https:\/\/api.w.org\/{rel}","templated":true}]}}